{"id":3984,"date":"2026-03-04T16:05:16","date_gmt":"2026-03-04T15:05:16","guid":{"rendered":"https:\/\/mylumya.fr\/?page_id=3984"},"modified":"2026-03-07T11:58:39","modified_gmt":"2026-03-07T10:58:39","slug":"mentions-legales","status":"publish","type":"page","link":"https:\/\/mylumya.fr\/?page_id=3984","title":{"rendered":"Mentions l\u00e9gales"},"content":{"rendered":"\t\t<div data-elementor-type=\"wp-page\" data-elementor-id=\"3984\" class=\"elementor elementor-3984\">\n\t\t\t\t<div class=\"elementor-element elementor-element-3da2ea2 e-flex e-con-boxed e-con e-parent\" data-id=\"3da2ea2\" data-element_type=\"container\">\n\t\t\t\t\t<div class=\"e-con-inner\">\n\t\t\t\t<div class=\"elementor-element elementor-element-14b1e354 elementor-widget elementor-widget-text-editor\" data-id=\"14b1e354\" data-element_type=\"widget\" data-settings=\"{&quot;ekit_we_effect_on&quot;:&quot;none&quot;}\" data-widget_type=\"text-editor.default\">\n\t\t\t\t\t\t\t\t\t<h1 data-start=\"214\" data-end=\"244\">Mentions l\u00e9gales<\/h1>\n<p><!-- \/wp:paragraph --><!-- wp:heading --><\/p>\n<h3 data-start=\"214\" data-end=\"244\"><span style=\"font-size: calc(1.3rem + 0.6vw);\">\u00c9diteur du site<\/span><\/h3>\n<p>\u00a0<\/p>\n<p data-start=\"282\" data-end=\"320\">Le site <strong data-start=\"290\" data-end=\"304\">mylumya.fr<\/strong> est \u00e9dit\u00e9 par :<\/p>\n<p data-start=\"322\" data-end=\"370\"><strong data-start=\"322\" data-end=\"331\">LUMYA<\/strong><br data-start=\"331\" data-end=\"334\" \/>Soci\u00e9t\u00e9 par actions simplifi\u00e9e (SAS)<\/p>\n<p data-start=\"372\" data-end=\"429\"><strong data-start=\"372\" data-end=\"383\">SIREN :<\/strong> 988 490 017<br data-start=\"395\" data-end=\"398\" \/><strong data-start=\"398\" data-end=\"409\">SIRET :<\/strong> 988 490 017 00015<\/p>\n<p data-start=\"431\" data-end=\"533\"><strong data-start=\"431\" data-end=\"445\">Activit\u00e9 :<\/strong> Enseignement de disciplines sportives et d\u2019activit\u00e9s de loisirs<br data-start=\"509\" data-end=\"512\" \/><strong data-start=\"512\" data-end=\"526\">Code APE :<\/strong> 85.51Z<\/p>\n<p data-start=\"254\" data-end=\"292\">\u00a0<\/p>\n<p data-start=\"535\" data-end=\"623\"><b>Adresse du si\u00e8ge social :<br data-start=\"560\" data-end=\"563\" \/><\/b>70 avenue des Gr\u00e9sillons<br data-start=\"587\" data-end=\"590\" \/>92600 Asni\u00e8res-sur-Seine<br data-start=\"614\" data-end=\"617\" \/>France<\/p>\n<p data-start=\"344\" data-end=\"396\"><strong data-start=\"516\" data-end=\"534\">Studio LUMYA :<\/strong><br data-start=\"534\" data-end=\"537\" \/>7 rue des Apennins<br data-start=\"555\" data-end=\"558\" \/>75017 Paris<\/p>\n<p data-start=\"398\" data-end=\"426\">Email :\u00a0<span style=\"text-decoration: underline;\"><a href=\"mailto:contact@mylumya.fr\" rel=\"noopener\" data-start=\"408\" data-end=\"426\">contact@mylumya.fr<\/a><\/span><\/p>\n<p data-start=\"428\" data-end=\"475\">Directrice de la publication :<br data-start=\"458\" data-end=\"461\" \/>Taheena Boicel<\/p>\n<h2 data-start=\"482\" data-end=\"496\"><span style=\"font-size: calc(1.3rem + 0.6vw);\">H\u00e9bergement<\/span><span style=\"font-size: 27.316px;\"><br \/><\/span><span style=\"font-size: 16px; font-weight: 400;\">Le site est h\u00e9berg\u00e9 par :<\/span><\/h2>\n<p data-start=\"525\" data-end=\"607\"><strong data-start=\"525\" data-end=\"557\">Hostinger International Ltd.<\/strong><br data-start=\"557\" data-end=\"560\" \/>61 Lordou Vironos Street<br data-start=\"584\" data-end=\"587\" \/>6023 Larnaca, Chypre<\/p>\n<p data-start=\"609\" data-end=\"645\">Site web : <a href=\"https:\/\/www.hostinger.com\" target=\"_new\" rel=\"noopener\" data-start=\"620\" data-end=\"645\">https:\/\/www.hostinger.com<\/a><\/p>\n<h2 data-start=\"652\" data-end=\"679\"><span style=\"font-size: calc(1.3rem + 0.6vw); letter-spacing: -0.92px;\">Propri\u00e9t\u00e9 intellectuelle<\/span><\/h2>\n<p data-start=\"681\" data-end=\"915\">L\u2019ensemble du contenu pr\u00e9sent sur le site <a href=\"http:\/\/mylumya.fr\"><span style=\"text-decoration: underline;\"><strong data-start=\"723\" data-end=\"737\">mylumya.fr<\/strong><\/span><\/a>, incluant, de fa\u00e7on non limitative, les textes, images, graphismes, logos, vid\u00e9os, ic\u00f4nes et \u00e9l\u00e9ments visuels, est la propri\u00e9t\u00e9 exclusive de <strong data-start=\"879\" data-end=\"888\">LUMYA<\/strong>, sauf mentions contraires.<\/p>\n<p data-start=\"917\" data-end=\"1137\">Toute reproduction, distribution, modification, adaptation ou publication de tout ou partie des \u00e9l\u00e9ments du site, quel que soit le moyen ou le proc\u00e9d\u00e9 utilis\u00e9, est interdite sans l\u2019autorisation \u00e9crite pr\u00e9alable de LUMYA.<\/p>\n<p data-start=\"1139\" data-end=\"1350\">Toute exploitation non autoris\u00e9e du site ou de l\u2019un de ses \u00e9l\u00e9ments pourra \u00eatre consid\u00e9r\u00e9e comme constitutive d\u2019une contrefa\u00e7on et poursuivie conform\u00e9ment aux dispositions du Code de la propri\u00e9t\u00e9 intellectuelle.<\/p>\n<h2 data-start=\"1357\" data-end=\"1374\"><span style=\"font-size: calc(1.3rem + 0.6vw); letter-spacing: -0.92px;\">Responsabilit\u00e9<\/span><\/h2>\n<p data-start=\"1376\" data-end=\"1609\">LUMYA s\u2019efforce de fournir sur le site <a href=\"http:\/\/mylumya.fr\"><span style=\"text-decoration: underline;\"><strong data-start=\"1415\" data-end=\"1429\">mylumya.fr<\/strong><\/span><\/a> des informations aussi pr\u00e9cises que possible.<br data-start=\"1475\" data-end=\"1478\" \/>Toutefois, l\u2019\u00e9diteur ne pourra \u00eatre tenu responsable des omissions, inexactitudes ou carences dans la mise \u00e0 jour des informations.<\/p>\n<p data-start=\"1139\" data-end=\"1350\">\u00a0<\/p>\n<p data-start=\"1611\" data-end=\"1743\">Le site peut contenir des liens vers d\u2019autres sites internet. LUMYA ne peut \u00eatre tenue responsable du contenu de ces sites externes.<\/p>\n<h2 data-start=\"1750\" data-end=\"1773\"><span style=\"font-size: calc(1.3rem + 0.6vw); letter-spacing: -0.92px;\">Donn\u00e9es personnelles<\/span><\/h2>\n<p data-start=\"1775\" data-end=\"1932\">Les informations personnelles collect\u00e9es via les formulaires pr\u00e9sents sur le site sont utilis\u00e9es uniquement dans le cadre des \u00e9changes avec les utilisateurs.<\/p>\n<p data-start=\"1611\" data-end=\"1743\">\u00a0<\/p>\n<p data-start=\"1934\" data-end=\"2085\">Pour plus d\u2019informations concernant la collecte et le traitement des donn\u00e9es personnelles, veuillez consulter la page <a href=\"https:\/\/mylumya.fr\/?page_id=3\"><span style=\"text-decoration: underline;\"><strong data-start=\"2052\" data-end=\"2084\">Politique de confidentialit\u00e9<\/strong><\/span><\/a>.<\/p>\n<p data-start=\"609\" data-end=\"645\">\u00a0<\/p>\n<h2 data-start=\"2092\" data-end=\"2111\"><span style=\"font-size: calc(1.3rem + 0.6vw); letter-spacing: -0.92px;\">Droit applicable<\/span><\/h2>\n<p>\u00a0<\/p>\n<p data-start=\"2113\" data-end=\"2261\">Le pr\u00e9sent site est soumis au <strong data-start=\"2143\" data-end=\"2161\">droit fran\u00e7ais<\/strong>.<br data-start=\"2162\" data-end=\"2165\" \/>En cas de litige, les tribunaux comp\u00e9tents seront ceux du ressort du si\u00e8ge social de la soci\u00e9t\u00e9.<\/p>\n<p><!-- \/wp:paragraph --><\/p>\t\t\t\t\t\t\t\t<\/div>\n\t\t\t\t\t<\/div>\n\t\t\t\t<\/div>\n\t\t\t\t<\/div>\n\t\t","protected":false},"excerpt":{"rendered":"<p>Mentions l\u00e9gales \u00c9diteur du site \u00a0 Le site mylumya.fr est \u00e9dit\u00e9 par [&hellip;]<\/p>\n","protected":false},"author":1,"featured_media":0,"parent":0,"menu_order":0,"comment_status":"closed","ping_status":"open","template":"elementor_header_footer","meta":{"footnotes":""},"class_list":["post-3984","page","type-page","status-publish","hentry"],"_links":{"self":[{"href":"https:\/\/mylumya.fr\/index.php?rest_route=\/wp\/v2\/pages\/3984","targetHints":{"allow":["GET"]}}],"collection":[{"href":"https:\/\/mylumya.fr\/index.php?rest_route=\/wp\/v2\/pages"}],"about":[{"href":"https:\/\/mylumya.fr\/index.php?rest_route=\/wp\/v2\/types\/page"}],"author":[{"embeddable":true,"href":"https:\/\/mylumya.fr\/index.php?rest_route=\/wp\/v2\/users\/1"}],"replies":[{"embeddable":true,"href":"https:\/\/mylumya.fr\/index.php?rest_route=%2Fwp%2Fv2%2Fcomments&post=3984"}],"version-history":[{"count":31,"href":"https:\/\/mylumya.fr\/index.php?rest_route=\/wp\/v2\/pages\/3984\/revisions"}],"predecessor-version":[{"id":4407,"href":"https:\/\/mylumya.fr\/index.php?rest_route=\/wp\/v2\/pages\/3984\/revisions\/4407"}],"wp:attachment":[{"href":"https:\/\/mylumya.fr\/index.php?rest_route=%2Fwp%2Fv2%2Fmedia&parent=3984"}],"curies":[{"name":"wp","href":"https:\/\/api.w.org\/{rel}","templated":true}]}}