{"id":3940,"date":"2026-03-04T11:48:53","date_gmt":"2026-03-04T10:48:53","guid":{"rendered":"https:\/\/mylumya.fr\/?page_id=3940"},"modified":"2026-03-22T14:31:17","modified_gmt":"2026-03-22T13:31:17","slug":"collaboration-partenariats","status":"publish","type":"page","link":"https:\/\/mylumya.fr\/?page_id=3940","title":{"rendered":"Collaboration &amp; partenariats"},"content":{"rendered":"\t\t<div data-elementor-type=\"wp-page\" data-elementor-id=\"3940\" class=\"elementor elementor-3940\">\n\t\t\t\t<div class=\"elementor-element elementor-element-57a305d e-flex e-con-boxed e-con e-parent\" data-id=\"57a305d\" data-element_type=\"container\">\n\t\t\t\t\t<div class=\"e-con-inner\">\n\t\t<div class=\"elementor-element elementor-element-dbe6f9f e-con-full e-flex e-con e-child\" data-id=\"dbe6f9f\" data-element_type=\"container\">\n\t\t\t\t<div class=\"elementor-element elementor-element-8e59cea at-heading-animation at-animation-heading-style-2 elementor-widget elementor-widget-heading\" data-id=\"8e59cea\" data-element_type=\"widget\" data-settings=\"{&quot;ekit_we_effect_on&quot;:&quot;none&quot;}\" data-widget_type=\"heading.default\">\n\t\t\t\t\t<h2 class=\"elementor-heading-title elementor-size-default\">Collaborer &amp; <span>partenariats<\/span><\/h2>\t\t\t\t<\/div>\n\t\t\t\t<div class=\"elementor-element elementor-element-85d68e1 elementor-invisible elementor-widget elementor-widget-text-editor\" data-id=\"85d68e1\" data-element_type=\"widget\" data-settings=\"{&quot;_animation&quot;:&quot;fadeInUp&quot;,&quot;_animation_delay&quot;:100,&quot;ekit_we_effect_on&quot;:&quot;none&quot;}\" data-widget_type=\"text-editor.default\">\n\t\t\t\t\t\t\t\t\t<p data-start=\"380\" data-end=\"654\">LUMYA est un studio de Pilates &amp; Lagree situ\u00e9 \u00e0 Paris, pens\u00e9 comme une exp\u00e9rience de bien-\u00eatre globale.<br data-start=\"487\" data-end=\"490\" \/>Nous sommes ouverts \u00e0 des collaborations avec des marques, cr\u00e9ateurs et professionnels partageant une vision commune du bien-\u00eatre, du mouvement et du lifestyle.<\/p><p data-start=\"656\" data-end=\"763\">Notre objectif est de cr\u00e9er des partenariats authentiques, qualitatifs et align\u00e9s avec l\u2019univers LUMYA.<\/p>\t\t\t\t\t\t\t\t<\/div>\n\t\t\t\t<div class=\"elementor-element elementor-element-85157b8 elementor-widget elementor-widget-text-editor\" data-id=\"85157b8\" data-element_type=\"widget\" data-settings=\"{&quot;ekit_we_effect_on&quot;:&quot;none&quot;}\" data-widget_type=\"text-editor.default\">\n\t\t\t\t\t\t\t\t\t<h4>Types de collaborations<\/h4>\t\t\t\t\t\t\t\t<\/div>\n\t\t\t\t<div class=\"elementor-element elementor-element-608f770 elementor-widget elementor-widget-n-accordion\" data-id=\"608f770\" data-element_type=\"widget\" data-settings=\"{&quot;default_state&quot;:&quot;expanded&quot;,&quot;max_items_expended&quot;:&quot;one&quot;,&quot;n_accordion_animation_duration&quot;:{&quot;unit&quot;:&quot;ms&quot;,&quot;size&quot;:400,&quot;sizes&quot;:[]},&quot;ekit_we_effect_on&quot;:&quot;none&quot;}\" data-widget_type=\"nested-accordion.default\">\n\t\t\t\t\t\t\t<div class=\"e-n-accordion\" aria-label=\"Accordion. Open links with Enter or Space, close with Escape, and navigate with Arrow Keys\">\n\t\t\t\t\t\t<details id=\"e-n-accordion-item-1010\" class=\"e-n-accordion-item\" open>\n\t\t\t\t<summary class=\"e-n-accordion-item-title\" data-accordion-index=\"1\" tabindex=\"0\" aria-expanded=\"true\" aria-controls=\"e-n-accordion-item-1010\" >\n\t\t\t\t\t<span class='e-n-accordion-item-title-header'><div class=\"e-n-accordion-item-title-text\"> Marques &amp; produits <\/div><\/span>\n\t\t\t\t\t\t\t<span class='e-n-accordion-item-title-icon'>\n\t\t\t<span class='e-opened' ><i aria-hidden=\"true\" class=\"fas fa-minus\"><\/i><\/span>\n\t\t\t<span class='e-closed'><i aria-hidden=\"true\" class=\"fas fa-plus\"><\/i><\/span>\n\t\t<\/span>\n\n\t\t\t\t\t\t<\/summary>\n\t\t\t\t<div role=\"region\" aria-labelledby=\"e-n-accordion-item-1010\" class=\"elementor-element elementor-element-0c4ef18 e-con-full e-flex e-con e-child\" data-id=\"0c4ef18\" data-element_type=\"container\">\n\t\t\t\t<div class=\"elementor-element elementor-element-1ae08ce elementor-widget elementor-widget-text-editor\" data-id=\"1ae08ce\" data-element_type=\"widget\" data-settings=\"{&quot;ekit_we_effect_on&quot;:&quot;none&quot;}\" data-widget_type=\"text-editor.default\">\n\t\t\t\t\t\t\t\t\t<p data-start=\"820\" data-end=\"876\">Nous collaborons avec des marques dans les domaines du :<\/p><ul data-start=\"878\" data-end=\"957\"><li data-start=\"878\" data-end=\"891\"><p data-start=\"880\" data-end=\"891\">bien-\u00eatre<\/p><\/li><li data-start=\"892\" data-end=\"914\"><p data-start=\"894\" data-end=\"914\">sport &amp; activewear<\/p><\/li><li data-start=\"915\" data-end=\"936\"><p data-start=\"917\" data-end=\"936\">nutrition &amp; sant\u00e9<\/p><\/li><li data-start=\"937\" data-end=\"957\"><p data-start=\"939\" data-end=\"957\">lifestyle &amp; beaut\u00e9<\/p><\/li><\/ul><p data-start=\"959\" data-end=\"1007\">Ces collaborations peuvent prendre la forme de :<\/p><ul data-start=\"1008\" data-end=\"1091\"><li data-start=\"1008\" data-end=\"1026\"><p data-start=\"1010\" data-end=\"1026\">tests produits<\/p><\/li><li data-start=\"1027\" data-end=\"1051\"><p data-start=\"1029\" data-end=\"1051\">placements en studio<\/p><\/li><li data-start=\"1052\" data-end=\"1066\"><p data-start=\"1054\" data-end=\"1066\">\u00e9v\u00e9nements<\/p><\/li><\/ul>\t\t\t\t\t\t\t\t<\/div>\n\t\t\t\t<\/div>\n\t\t\t\t\t<\/details>\n\t\t\t\t\t\t<details id=\"e-n-accordion-item-1011\" class=\"e-n-accordion-item\" >\n\t\t\t\t<summary class=\"e-n-accordion-item-title\" data-accordion-index=\"2\" tabindex=\"-1\" aria-expanded=\"false\" aria-controls=\"e-n-accordion-item-1011\" >\n\t\t\t\t\t<span class='e-n-accordion-item-title-header'><div class=\"e-n-accordion-item-title-text\"> Cr\u00e9ateurs de contenu <\/div><\/span>\n\t\t\t\t\t\t\t<span class='e-n-accordion-item-title-icon'>\n\t\t\t<span class='e-opened' ><i aria-hidden=\"true\" class=\"fas fa-minus\"><\/i><\/span>\n\t\t\t<span class='e-closed'><i aria-hidden=\"true\" class=\"fas fa-plus\"><\/i><\/span>\n\t\t<\/span>\n\n\t\t\t\t\t\t<\/summary>\n\t\t\t\t<div role=\"region\" aria-labelledby=\"e-n-accordion-item-1011\" class=\"elementor-element elementor-element-9ecc0de e-con-full e-flex e-con e-child\" data-id=\"9ecc0de\" data-element_type=\"container\">\n\t\t\t\t<div class=\"elementor-element elementor-element-c0ec413 elementor-widget elementor-widget-text-editor\" data-id=\"c0ec413\" data-element_type=\"widget\" data-settings=\"{&quot;ekit_we_effect_on&quot;:&quot;none&quot;}\" data-widget_type=\"text-editor.default\">\n\t\t\t\t\t\t\t\t\t<p data-start=\"1124\" data-end=\"1245\">Nous accueillons \u00e9galement des cr\u00e9ateurs de contenu souhaitant d\u00e9couvrir l\u2019univers LUMYA et partager leur exp\u00e9rience.<\/p><p data-start=\"1247\" data-end=\"1266\">Cela peut inclure :<\/p><ul data-start=\"1267\" data-end=\"1371\"><li data-start=\"1267\" data-end=\"1290\"><p data-start=\"1269\" data-end=\"1290\">s\u00e9ances d\u00e9couvertes<\/p><\/li><li data-start=\"1291\" data-end=\"1329\"><p data-start=\"1293\" data-end=\"1329\">cr\u00e9ations de contenu photo \/ vid\u00e9o<\/p><\/li><li data-start=\"1330\" data-end=\"1371\"><p data-start=\"1332\" data-end=\"1371\">collaborations sur les r\u00e9seaux sociaux.<\/p><\/li><\/ul>\t\t\t\t\t\t\t\t<\/div>\n\t\t\t\t<\/div>\n\t\t\t\t\t<\/details>\n\t\t\t\t\t\t<details id=\"e-n-accordion-item-1012\" class=\"e-n-accordion-item\" >\n\t\t\t\t<summary class=\"e-n-accordion-item-title\" data-accordion-index=\"3\" tabindex=\"-1\" aria-expanded=\"false\" aria-controls=\"e-n-accordion-item-1012\" >\n\t\t\t\t\t<span class='e-n-accordion-item-title-header'><div class=\"e-n-accordion-item-title-text\"> \u00c9v\u00e9nements &amp; exp\u00e9riences <\/div><\/span>\n\t\t\t\t\t\t\t<span class='e-n-accordion-item-title-icon'>\n\t\t\t<span class='e-opened' ><i aria-hidden=\"true\" class=\"fas fa-minus\"><\/i><\/span>\n\t\t\t<span class='e-closed'><i aria-hidden=\"true\" class=\"fas fa-plus\"><\/i><\/span>\n\t\t<\/span>\n\n\t\t\t\t\t\t<\/summary>\n\t\t\t\t<div role=\"region\" aria-labelledby=\"e-n-accordion-item-1012\" class=\"elementor-element elementor-element-441a1e2 e-con-full e-flex e-con e-child\" data-id=\"441a1e2\" data-element_type=\"container\">\n\t\t\t\t<div class=\"elementor-element elementor-element-c190f79 elementor-widget elementor-widget-text-editor\" data-id=\"c190f79\" data-element_type=\"widget\" data-settings=\"{&quot;ekit_we_effect_on&quot;:&quot;none&quot;}\" data-widget_type=\"text-editor.default\">\n\t\t\t\t\t\t\t\t\t<p data-start=\"113\" data-end=\"238\">Le studio peut \u00e9galement accueillir ou co-cr\u00e9er diff\u00e9rents types d\u2019\u00e9v\u00e9nements autour du bien-\u00eatre et du mouvement, tels que :<\/p><ul data-start=\"240\" data-end=\"392\"><li data-start=\"240\" data-end=\"264\"><p data-start=\"242\" data-end=\"264\">\u00e9v\u00e9nements bien-\u00eatre<\/p><\/li><li data-start=\"265\" data-end=\"277\"><p data-start=\"267\" data-end=\"277\">ateliers<\/p><\/li><li data-start=\"278\" data-end=\"311\"><p data-start=\"280\" data-end=\"311\">exp\u00e9riences sport &amp; lifestyle<\/p><\/li><li data-start=\"312\" data-end=\"329\"><p data-start=\"314\" data-end=\"329\">anniversaires<\/p><\/li><li data-start=\"330\" data-end=\"357\"><p data-start=\"332\" data-end=\"357\">\u00e9v\u00e9nements d\u2019entreprise<\/p><\/li><\/ul><p data-start=\"394\" data-end=\"499\">Chaque projet peut \u00eatre adapt\u00e9 et personnalis\u00e9 afin de cr\u00e9er une exp\u00e9rience unique au sein du studio.<\/p>\t\t\t\t\t\t\t\t<\/div>\n\t\t\t\t<\/div>\n\t\t\t\t\t<\/details>\n\t\t\t\t\t<\/div>\n\t\t\t\t\t\t<\/div>\n\t\t\t\t<div class=\"elementor-element elementor-element-31a4a6b elementor-widget elementor-widget-text-editor\" data-id=\"31a4a6b\" data-element_type=\"widget\" data-settings=\"{&quot;ekit_we_effect_on&quot;:&quot;none&quot;}\" data-widget_type=\"text-editor.default\">\n\t\t\t\t\t\t\t\t\t<h4>Pourquoi collaborer avec LUMYA ?<\/h4>\t\t\t\t\t\t\t\t<\/div>\n\t\t\t\t<div class=\"elementor-element elementor-element-e80c400 elementor-invisible elementor-widget elementor-widget-text-editor\" data-id=\"e80c400\" data-element_type=\"widget\" data-settings=\"{&quot;_animation&quot;:&quot;fadeInUp&quot;,&quot;_animation_delay&quot;:100,&quot;ekit_we_effect_on&quot;:&quot;none&quot;}\" data-widget_type=\"text-editor.default\">\n\t\t\t\t\t\t\t\t\t<ul><li data-start=\"1609\" data-end=\"1651\"><p data-start=\"1611\" data-end=\"1651\">Un studio premium au c\u0153ur de Paris<\/p><\/li><li data-start=\"1652\" data-end=\"1698\"><p data-start=\"1654\" data-end=\"1698\">Une communaut\u00e9 engag\u00e9e autour du bien-\u00eatre<\/p><\/li><li data-start=\"1699\" data-end=\"1736\"><p data-start=\"1701\" data-end=\"1736\">Un univers esth\u00e9tique et immersif<\/p><\/li><li data-start=\"1737\" data-end=\"1787\"><p data-start=\"1739\" data-end=\"1787\">Des exp\u00e9riences authentiques autour du mouvement<\/p><\/li><\/ul>\t\t\t\t\t\t\t\t<\/div>\n\t\t\t\t<\/div>\n\t\t<div class=\"elementor-element elementor-element-d847536 e-con-full e-flex e-con e-child\" data-id=\"d847536\" data-element_type=\"container\">\n\t\t<div class=\"elementor-element elementor-element-cbb4bc9 e-con-full e-flex e-con e-child\" data-id=\"cbb4bc9\" data-element_type=\"container\" data-settings=\"{&quot;background_background&quot;:&quot;classic&quot;}\">\n\t\t\t\t<div class=\"elementor-element elementor-element-18c7201 at-heading-animation at-animation-heading-style-2 elementor-widget elementor-widget-heading\" data-id=\"18c7201\" data-element_type=\"widget\" data-settings=\"{&quot;ekit_we_effect_on&quot;:&quot;none&quot;}\" data-widget_type=\"heading.default\">\n\t\t\t\t\t<h2 class=\"elementor-heading-title elementor-size-default\">Envoyez-nous un <span>message<\/span><\/h2>\t\t\t\t<\/div>\n\t\t\t\t<div class=\"elementor-element elementor-element-8baa2cb elementor-invisible elementor-widget elementor-widget-elementskit-contact-form7\" data-id=\"8baa2cb\" data-element_type=\"widget\" data-settings=\"{&quot;_animation&quot;:&quot;fadeInUp&quot;,&quot;ekit_we_effect_on&quot;:&quot;none&quot;}\" data-widget_type=\"elementskit-contact-form7.default\">\n\t\t\t\t\t<div class=\"ekit-wid-con\" ><div class=\"ekit-form\">\n<div class=\"wpcf7 no-js\" id=\"wpcf7-f3949-o1\" lang=\"en-US\" dir=\"ltr\" data-wpcf7-id=\"3949\">\n<div class=\"screen-reader-response\"><p role=\"status\" aria-live=\"polite\" aria-atomic=\"true\"><\/p> <ul><\/ul><\/div>\n<form action=\"\/index.php?rest_route=%2Fwp%2Fv2%2Fpages%2F3940#wpcf7-f3949-o1\" method=\"post\" class=\"wpcf7-form init\" aria-label=\"Contact form\" novalidate=\"novalidate\" data-status=\"init\">\n<fieldset class=\"hidden-fields-container\"><input type=\"hidden\" name=\"_wpcf7\" value=\"3949\" \/><input type=\"hidden\" name=\"_wpcf7_version\" value=\"6.1.3\" \/><input type=\"hidden\" name=\"_wpcf7_locale\" value=\"en_US\" \/><input type=\"hidden\" name=\"_wpcf7_unit_tag\" value=\"wpcf7-f3949-o1\" \/><input type=\"hidden\" name=\"_wpcf7_container_post\" value=\"0\" \/><input type=\"hidden\" name=\"_wpcf7_posted_data_hash\" value=\"\" \/>\n<\/fieldset>\n<div class=\"row\">\n\t<div class=\"form-group col-md-6 mb-4\">\n\t\t<p><span class=\"wpcf7-form-control-wrap\" data-name=\"first-name\"><input size=\"40\" maxlength=\"400\" class=\"wpcf7-form-control wpcf7-text wpcf7-validates-as-required form-control\" aria-required=\"true\" aria-invalid=\"false\" placeholder=\"Pr\u00e9nom*\" value=\"\" type=\"text\" name=\"first-name\" \/><\/span>\n\t\t<\/p>\n\t<\/div>\n\t<div class=\"form-group col-md-6 mb-4\">\n\t\t<p><span class=\"wpcf7-form-control-wrap\" data-name=\"last-name\"><input size=\"40\" maxlength=\"400\" class=\"wpcf7-form-control wpcf7-text wpcf7-validates-as-required form-control\" aria-required=\"true\" aria-invalid=\"false\" placeholder=\"Nom*\" value=\"\" type=\"text\" name=\"last-name\" \/><\/span>\n\t\t<\/p>\n\t<\/div>\n\t<div class=\"form-group col-md-6 mb-4\">\n\t\t<p><span class=\"wpcf7-form-control-wrap\" data-name=\"email\"><input size=\"40\" maxlength=\"400\" class=\"wpcf7-form-control wpcf7-email wpcf7-validates-as-required wpcf7-text wpcf7-validates-as-email form-control\" aria-required=\"true\" aria-invalid=\"false\" placeholder=\"Adresse e-mail*\" value=\"\" type=\"email\" name=\"email\" \/><\/span>\n\t\t<\/p>\n\t<\/div>\n\t<div class=\"form-group col-md-6 mb-4\">\n\t\t<p><span class=\"wpcf7-form-control-wrap\" data-name=\"instagram\"><input size=\"40\" maxlength=\"400\" class=\"wpcf7-form-control wpcf7-text form-control\" aria-invalid=\"false\" placeholder=\"social m\u00e9dia ou site web\" value=\"\" type=\"text\" name=\"instagram\" \/><\/span>\n\t\t<\/p>\n\t<\/div>\n\t<div class=\"form-group col-md-12 mb-4\">\n\t\t<p><span class=\"wpcf7-form-control-wrap\" data-name=\"marque\"><input size=\"40\" maxlength=\"400\" class=\"wpcf7-form-control wpcf7-text form-control\" aria-invalid=\"false\" placeholder=\"Nom de votre marque ou projet\" value=\"\" type=\"text\" name=\"marque\" \/><\/span>\n\t\t<\/p>\n\t<\/div>\n\t<div class=\"form-group col-md-12 mb-4\">\n\t\t<p><span class=\"wpcf7-form-control-wrap\" data-name=\"collaboration\"><select class=\"wpcf7-form-control wpcf7-select form-control\" aria-invalid=\"false\" name=\"collaboration\"><option value=\"\">Type de collaboration<\/option><option value=\"Cr\u00e9ateur de contenu\">Cr\u00e9ateur de contenu<\/option><option value=\"UGC Creator\">UGC Creator<\/option><option value=\"Marque \/ produit\">Marque \/ produit<\/option><option value=\"Partenariat entreprise\">Partenariat entreprise<\/option><option value=\"\u00c9v\u00e9nement\">\u00c9v\u00e9nement<\/option><option value=\"Atelier\">Atelier<\/option><option value=\"Privatisation studio\">Privatisation studio<\/option><option value=\"Autre\">Autre<\/option><\/select><\/span>\n\t\t<\/p>\n\t<\/div>\n\t<div class=\"form-group col-md-12 mb-4\">\n\t\t<p><span class=\"wpcf7-form-control-wrap\" data-name=\"message\"><textarea cols=\"40\" rows=\"10\" maxlength=\"2000\" class=\"wpcf7-form-control wpcf7-textarea form-control\" aria-invalid=\"false\" placeholder=\"Pr\u00e9sentez votre projet ou votre proposition de collaboration*\" name=\"message\"><\/textarea><\/span>\n\t\t<\/p>\n\t<\/div>\n\t<div class=\"col-md-12 form-btn\">\n\t\t<p><input class=\"wpcf7-form-control wpcf7-submit has-spinner btn-default\" type=\"submit\" value=\"Envoyer la demande\" \/>\n\t\t<\/p>\n\t<\/div>\n<\/div><div class=\"wpcf7-response-output\" aria-hidden=\"true\"><\/div>\n<\/form>\n<\/div>\n<\/div><\/div>\t\t\t\t<\/div>\n\t\t\t\t<\/div>\n\t\t\t\t<\/div>\n\t\t\t\t\t<\/div>\n\t\t\t\t<\/div>\n\t\t<div class=\"elementor-element elementor-element-e668fef e-flex e-con-boxed e-con e-parent\" data-id=\"e668fef\" data-element_type=\"container\">\n\t\t\t\t\t<div class=\"e-con-inner\">\n\t\t<div class=\"elementor-element elementor-element-8779b3b e-con-full e-flex e-con e-child\" data-id=\"8779b3b\" data-element_type=\"container\" data-settings=\"{&quot;background_background&quot;:&quot;classic&quot;}\">\n\t\t\t\t<div class=\"elementor-element elementor-element-3523163 at-heading-animation at-animation-heading-none elementor-widget elementor-widget-heading\" data-id=\"3523163\" data-element_type=\"widget\" data-settings=\"{&quot;ekit_we_effect_on&quot;:&quot;none&quot;}\" data-widget_type=\"heading.default\">\n\t\t\t\t\t<h3 class=\"elementor-heading-title elementor-size-default\">Nous suivre :<\/h3>\t\t\t\t<\/div>\n\t\t\t\t<div class=\"elementor-element elementor-element-59dedbd elementor-widget elementor-widget-elementskit-social-media\" data-id=\"59dedbd\" data-element_type=\"widget\" data-settings=\"{&quot;ekit_we_effect_on&quot;:&quot;none&quot;}\" data-widget_type=\"elementskit-social-media.default\">\n\t\t\t\t<div class=\"elementor-widget-container\">\n\t\t\t\t\t<div class=\"ekit-wid-con\" >\t\t\t <ul class=\"ekit_social_media\">\n\t\t\t\t\t\t\t\t\t\t\t\t\t\t<li class=\"elementor-repeater-item-dca7120\">\n\t\t\t\t\t    <a\n\t\t\t\t\t\thref=\"https:\/\/www.instagram.com\/mylumya\/\" aria-label=\"instagram\" class=\"instagram\" >\n\t\t\t\t\t\t\t\n\t\t\t\t\t\t\t<i aria-hidden=\"true\" class=\"fab fa-instagram\"><\/i>\n                                                                                                            <\/a>\n                    <\/li>\n                    \t\t\t\t\t\t\t\t\t\t\t\t\t\t<li class=\"elementor-repeater-item-2b72928\">\n\t\t\t\t\t    <a\n\t\t\t\t\t\thref=\"https:\/\/mylumya.fr\/#\" aria-label=\"facebook\" class=\"f\" >\n\t\t\t\t\t\t\t\n\t\t\t\t\t\t\t<i aria-hidden=\"true\" class=\"fab fa-facebook-f\"><\/i>\n                                                                                                            <\/a>\n                    <\/li>\n                    \t\t\t\t\t\t\t\t\t\t\t\t\t\t<li class=\"elementor-repeater-item-095983a\">\n\t\t\t\t\t    <a\n\t\t\t\t\t\thref=\"https:\/\/www.tiktok.com\/@mylumya\" aria-label=\"Tiktok\" class=\"tiktok\" >\n\t\t\t\t\t\t\t\n\t\t\t\t\t\t\t<i aria-hidden=\"true\" class=\"fab fa-tiktok\"><\/i>\n                                                                                                            <\/a>\n                    <\/li>\n                    \t\t\t\t\t\t\t<\/ul>\n\t\t<\/div>\t\t\t\t<\/div>\n\t\t\t\t<\/div>\n\t\t\t\t<\/div>\n\t\t<div class=\"elementor-element elementor-element-04a6c27 e-con-full e-flex e-con e-child\" data-id=\"04a6c27\" data-element_type=\"container\">\n\t\t\t\t<div class=\"elementor-element elementor-element-5df2cd7 google-map elementor-widget elementor-widget-google_maps\" data-id=\"5df2cd7\" data-element_type=\"widget\" data-settings=\"{&quot;ekit_we_effect_on&quot;:&quot;none&quot;}\" data-widget_type=\"google_maps.default\">\n\t\t\t\t\t\t\t<div class=\"elementor-custom-embed\">\n\t\t\t<iframe loading=\"lazy\"\n\t\t\t\t\tsrc=\"https:\/\/maps.google.com\/maps?q=7%20rue%20des%20apennins%2C%2075017%2C&#038;t=m&#038;z=12&#038;output=embed&#038;iwloc=near\"\n\t\t\t\t\ttitle=\"7 rue des apennins, 75017,\"\n\t\t\t\t\taria-label=\"7 rue des apennins, 75017,\"\n\t\t\t><\/iframe>\n\t\t<\/div>\n\t\t\t\t\t\t<\/div>\n\t\t\t\t<\/div>\n\t\t\t\t\t<\/div>\n\t\t\t\t<\/div>\n\t\t\t\t<\/div>\n\t\t","protected":false},"excerpt":{"rendered":"<p>Collaborer &amp; partenariats LUMYA est un studio de Pilates &amp; Lagree situ\u00e9 [&hellip;]<\/p>\n","protected":false},"author":1,"featured_media":0,"parent":0,"menu_order":0,"comment_status":"closed","ping_status":"closed","template":"elementor_header_footer","meta":{"footnotes":""},"class_list":["post-3940","page","type-page","status-publish","hentry"],"_links":{"self":[{"href":"https:\/\/mylumya.fr\/index.php?rest_route=\/wp\/v2\/pages\/3940","targetHints":{"allow":["GET"]}}],"collection":[{"href":"https:\/\/mylumya.fr\/index.php?rest_route=\/wp\/v2\/pages"}],"about":[{"href":"https:\/\/mylumya.fr\/index.php?rest_route=\/wp\/v2\/types\/page"}],"author":[{"embeddable":true,"href":"https:\/\/mylumya.fr\/index.php?rest_route=\/wp\/v2\/users\/1"}],"replies":[{"embeddable":true,"href":"https:\/\/mylumya.fr\/index.php?rest_route=%2Fwp%2Fv2%2Fcomments&post=3940"}],"version-history":[{"count":34,"href":"https:\/\/mylumya.fr\/index.php?rest_route=\/wp\/v2\/pages\/3940\/revisions"}],"predecessor-version":[{"id":4688,"href":"https:\/\/mylumya.fr\/index.php?rest_route=\/wp\/v2\/pages\/3940\/revisions\/4688"}],"wp:attachment":[{"href":"https:\/\/mylumya.fr\/index.php?rest_route=%2Fwp%2Fv2%2Fmedia&parent=3940"}],"curies":[{"name":"wp","href":"https:\/\/api.w.org\/{rel}","templated":true}]}}